{"id":189,"date":"2020-12-14T16:11:21","date_gmt":"2020-12-14T14:11:21","guid":{"rendered":"http:\/\/toolkit-entitats-socials.recursos.uoc.edu\/?page_id=189"},"modified":"2021-02-15T19:39:44","modified_gmt":"2021-02-15T17:39:44","slug":"que-es","status":"publish","type":"page","link":"http:\/\/toolkit-entitats-socials.recursos.uoc.edu\/es\/que-es\/","title":{"rendered":"\u00bfQu\u00e9 es?"},"content":{"rendered":"<p>Este recurso que os presentamos pretende ofrecer una serie de orientaciones, estrategias y recursos para poder construir una adaptaci\u00f3n no presencial de vuestra actividad.<\/p>\n<p>En ning\u00fan caso es una gu\u00eda paso a paso sobre c\u00f3mo hacerlo, ni un conjunto de soluciones \u00fanicas. Tampoco es una lista de herramientas clasificadas para sustituir la presencialidad.<\/p>\n<p>\u00bfQu\u00e9 es, entonces?<\/p>\n<p>Lejos de esta intenci\u00f3n instrumental que a menudo impregna estas adaptaciones, lo que ofrecemos aqu\u00ed es una compilaci\u00f3n de conocimientos, orientaciones y experiencias para que pod\u00e1is dise\u00f1ar y desarrollar esta adaptaci\u00f3n de la manera m\u00e1s coherente y efectiva posible en funci\u00f3n de vuestros contextos y colectivos, teniendo en cuenta los principales elementos y factores que entran en juego.<\/p>\n<p>Uno de los objetivos es que esta adaptaci\u00f3n que llev\u00e1is a cabo os aporte la oportunidad de hacer las cosas de una manera diferente, y que esta manera nueva sea capaz de aportar m\u00e1s valor a vuestra actividad, y poderla mejorar, al menos, en parte.<\/p>\n<p>\u00bfC\u00f3mo pensar un dise\u00f1o que se adapte a todo esto de la manera m\u00e1s efectiva posible, especialmente si se cuenta con pocos recursos o estos son muy limitados, y que, adem\u00e1s, pueda acontecer una oportunidad de mejora? No hay recetas \u00fanicas ni alquimias para hacerlo, sino que se pueden construir propuestas diferentes en funci\u00f3n de cada entidad, ateni\u00e9ndonos al contexto y a las necesidades de cada cual, y teniendo en cuenta algunas pautas y estrategias que os exponemos en este Toolkit y que esperamos que os puedan ser de utilidad en este reto.<\/p>\n","protected":false},"excerpt":{"rendered":"<p>Este recurso que os presentamos pretende ofrecer una serie de orientaciones, estrategias y recursos para poder construir una adaptaci\u00f3n no presencial de vuestra actividad. En ning\u00fan caso es una gu\u00eda paso a paso sobre c\u00f3mo hacerlo, ni un conjunto de soluciones \u00fanicas. Tampoco es una lista de herramientas clasificadas para sustituir la presencialidad. \u00bfQu\u00e9 es, [&hellip;]<\/p>\n","protected":false},"author":3,"featured_media":0,"parent":0,"menu_order":0,"comment_status":"closed","ping_status":"open","template":"","meta":[],"_links":{"self":[{"href":"http:\/\/toolkit-entitats-socials.recursos.uoc.edu\/es\/wp-json\/wp\/v2\/pages\/189\/"}],"collection":[{"href":"http:\/\/toolkit-entitats-socials.recursos.uoc.edu\/es\/wp-json\/wp\/v2\/pages\/"}],"about":[{"href":"http:\/\/toolkit-entitats-socials.recursos.uoc.edu\/es\/wp-json\/wp\/v2\/types\/page\/"}],"author":[{"embeddable":true,"href":"http:\/\/toolkit-entitats-socials.recursos.uoc.edu\/es\/wp-json\/wp\/v2\/users\/3\/"}],"replies":[{"embeddable":true,"href":"http:\/\/toolkit-entitats-socials.recursos.uoc.edu\/es\/wp-json\/wp\/v2\/comments\/?post=189"}],"version-history":[{"count":7,"href":"http:\/\/toolkit-entitats-socials.recursos.uoc.edu\/es\/wp-json\/wp\/v2\/pages\/189\/revisions\/"}],"predecessor-version":[{"id":465,"href":"http:\/\/toolkit-entitats-socials.recursos.uoc.edu\/es\/wp-json\/wp\/v2\/pages\/189\/revisions\/465\/"}],"wp:attachment":[{"href":"http:\/\/toolkit-entitats-socials.recursos.uoc.edu\/es\/wp-json\/wp\/v2\/media\/?parent=189"}],"curies":[{"name":"wp","href":"https:\/\/api.w.org\/{rel}","templated":true}]}}