{"id":382,"date":"2021-02-12T14:34:21","date_gmt":"2021-02-12T12:34:21","guid":{"rendered":"http:\/\/toolkit-entitats-socials.recursos.uoc.edu\/?page_id=382"},"modified":"2021-07-15T09:18:07","modified_gmt":"2021-07-15T07:18:07","slug":"objetivo","status":"publish","type":"page","link":"http:\/\/toolkit-entitats-socials.recursos.uoc.edu\/es\/objetivo\/","title":{"rendered":"Objetivo"},"content":{"rendered":"<p>Toda crisis es una oportunidad para repensarnos y abordar nuevos retos. El tercer sector, como otros \u00e1mbitos de la sociedad, se ha visto obligado a adaptar de forma apresurada y urgente la actividad presencial al trabajo en remoto en el marco de la pandemia de la COVID-19. Este Toolkit\u00a0UOC quiere ser una gu\u00eda para todas las entidades sociales que necesiten un acompa\u00f1amiento en este paso a la virtualidad. Porque esta puede ser la oportunidad inesperada de impulsar la transformaci\u00f3n digital de las entidades.<\/p>\n<p><b><\/b><div class=\"featured featured-blue\"><p>Esta iniciativa, impulsada desde el vicerrectorado y el \u00c1rea de Globalizaci\u00f3n y Cooperaci\u00f3n de la UOC, as\u00ed como desde los Estudios de Psicolog\u00eda y Ciencias de la Educaci\u00f3n y los Estudios de Inform\u00e1tica, Multimedia y Telecomunicaci\u00f3n, nace de las peticiones de apoyo para dar el paso a entornos virtuales o mixtos de las entidades con las cuales colaboramos. En la UOC queremos mostrar nuestro compromiso institucional con el tercer sector, aportando nuestro conocimiento y experiencia en capacitaci\u00f3n y transformaci\u00f3n digital.<\/p>\n<\/div><\/p>\n<p>Este Toolkit es para ti si:<\/p>\n<ul>\n<li>Eres una entidad social.<\/li>\n<li>Necesitas adaptar tu actividad a las medidas de distancia social.<\/li>\n<li>Tienes que incorporar nuevas formas de trabajo con las TIC.<\/li>\n<li>Quieres conocer ejemplos de buenas pr\u00e1cticas que te sirvan de inspiraci\u00f3n.<\/li>\n<\/ul>\n<div class=\"featured featured-grey\"><p><strong>Mesa redonda De la digitalizaci\u00f3n de emergencia a la transformaci\u00f3n digital del Tercer Sector<\/strong><\/p>\n<p><iframe title=\"Mesa redonda De la digitalizaci\u00f3n de emergencia a la transformaci\u00f3n digital del Tercer Sector | UOC\" width=\"500\" height=\"281\" src=\"https:\/\/www.youtube.com\/embed\/5noytdgIrso?feature=oembed\" frameborder=\"0\" allow=\"accelerometer; autoplay; clipboard-write; encrypted-media; gyroscope; picture-in-picture\" allowfullscreen><\/iframe><\/p>\n<p>Fuente: <a href=\"https:\/\/youtu.be\/5noytdgIrso\" target=\"_blank\" rel=\"noopener noreferrer\">https:\/\/youtu.be\/5noytdgIrso<\/a><\/p>\n<\/div>\n","protected":false},"excerpt":{"rendered":"<p>Toda crisis es una oportunidad para repensarnos y abordar nuevos retos. El tercer sector, como otros \u00e1mbitos de la sociedad, se ha visto obligado a adaptar de forma apresurada y urgente la actividad presencial al trabajo en remoto en el marco de la pandemia de la COVID-19. Este Toolkit\u00a0UOC quiere ser una gu\u00eda para todas [&hellip;]<\/p>\n","protected":false},"author":3,"featured_media":0,"parent":0,"menu_order":0,"comment_status":"closed","ping_status":"closed","template":"","meta":[],"_links":{"self":[{"href":"http:\/\/toolkit-entitats-socials.recursos.uoc.edu\/es\/wp-json\/wp\/v2\/pages\/382\/"}],"collection":[{"href":"http:\/\/toolkit-entitats-socials.recursos.uoc.edu\/es\/wp-json\/wp\/v2\/pages\/"}],"about":[{"href":"http:\/\/toolkit-entitats-socials.recursos.uoc.edu\/es\/wp-json\/wp\/v2\/types\/page\/"}],"author":[{"embeddable":true,"href":"http:\/\/toolkit-entitats-socials.recursos.uoc.edu\/es\/wp-json\/wp\/v2\/users\/3\/"}],"replies":[{"embeddable":true,"href":"http:\/\/toolkit-entitats-socials.recursos.uoc.edu\/es\/wp-json\/wp\/v2\/comments\/?post=382"}],"version-history":[{"count":7,"href":"http:\/\/toolkit-entitats-socials.recursos.uoc.edu\/es\/wp-json\/wp\/v2\/pages\/382\/revisions\/"}],"predecessor-version":[{"id":491,"href":"http:\/\/toolkit-entitats-socials.recursos.uoc.edu\/es\/wp-json\/wp\/v2\/pages\/382\/revisions\/491\/"}],"wp:attachment":[{"href":"http:\/\/toolkit-entitats-socials.recursos.uoc.edu\/es\/wp-json\/wp\/v2\/media\/?parent=382"}],"curies":[{"name":"wp","href":"https:\/\/api.w.org\/{rel}","templated":true}]}}