{"id":397,"date":"2021-02-12T14:46:57","date_gmt":"2021-02-12T12:46:57","guid":{"rendered":"http:\/\/toolkit-entitats-socials.recursos.uoc.edu\/?page_id=397"},"modified":"2021-03-01T15:53:11","modified_gmt":"2021-03-01T13:53:11","slug":"contacto","status":"publish","type":"page","link":"http:\/\/toolkit-entitats-socials.recursos.uoc.edu\/es\/contacto\/","title":{"rendered":"Contacto"},"content":{"rendered":"<p>Este Toolkit quiere ser un espacio en transformaci\u00f3n y en retroalimentaci\u00f3n constante, capaz de crecer y evolucionar gracias a vuestras aportaciones, necesidades y cr\u00edticas, y esperamos que pueda ser \u00fatil para los retos que encontramos en la actualidad.<\/p>\n<p>Pod\u00e9is contactar con nosotros y explicarnos cu\u00e1les son vuestras necesidades, as\u00ed como cualquier propuesta de mejora respecto de este Toolkit, envi\u00e1ndonos un correo electr\u00f3nico a <a href=\"mailto:toolkit3sector@uoc.edu\" target=\"_blank\" rel=\"noopener noreferrer\">toolkit3sector@uoc.edu<\/a>.<\/p>\n","protected":false},"excerpt":{"rendered":"<p>Este Toolkit quiere ser un espacio en transformaci\u00f3n y en retroalimentaci\u00f3n constante, capaz de crecer y evolucionar gracias a vuestras aportaciones, necesidades y cr\u00edticas, y esperamos que pueda ser \u00fatil para los retos que encontramos en la actualidad. Pod\u00e9is contactar con nosotros y explicarnos cu\u00e1les son vuestras necesidades, as\u00ed como cualquier propuesta de mejora respecto [&hellip;]<\/p>\n","protected":false},"author":3,"featured_media":0,"parent":0,"menu_order":0,"comment_status":"closed","ping_status":"closed","template":"","meta":[],"_links":{"self":[{"href":"http:\/\/toolkit-entitats-socials.recursos.uoc.edu\/es\/wp-json\/wp\/v2\/pages\/397\/"}],"collection":[{"href":"http:\/\/toolkit-entitats-socials.recursos.uoc.edu\/es\/wp-json\/wp\/v2\/pages\/"}],"about":[{"href":"http:\/\/toolkit-entitats-socials.recursos.uoc.edu\/es\/wp-json\/wp\/v2\/types\/page\/"}],"author":[{"embeddable":true,"href":"http:\/\/toolkit-entitats-socials.recursos.uoc.edu\/es\/wp-json\/wp\/v2\/users\/3\/"}],"replies":[{"embeddable":true,"href":"http:\/\/toolkit-entitats-socials.recursos.uoc.edu\/es\/wp-json\/wp\/v2\/comments\/?post=397"}],"version-history":[{"count":2,"href":"http:\/\/toolkit-entitats-socials.recursos.uoc.edu\/es\/wp-json\/wp\/v2\/pages\/397\/revisions\/"}],"predecessor-version":[{"id":476,"href":"http:\/\/toolkit-entitats-socials.recursos.uoc.edu\/es\/wp-json\/wp\/v2\/pages\/397\/revisions\/476\/"}],"wp:attachment":[{"href":"http:\/\/toolkit-entitats-socials.recursos.uoc.edu\/es\/wp-json\/wp\/v2\/media\/?parent=397"}],"curies":[{"name":"wp","href":"https:\/\/api.w.org\/{rel}","templated":true}]}}